{"id":898,"date":"2013-02-28T15:11:59","date_gmt":"2013-02-28T15:11:59","guid":{"rendered":"http:\/\/www.mnkystudio.com\/theme-10\/?page_id=898"},"modified":"2020-12-10T06:02:34","modified_gmt":"2020-12-10T06:02:34","slug":"produkte","status":"publish","type":"page","link":"https:\/\/cmb-normteile.de\/?page_id=898","title":{"rendered":"Normteilumarbeitung"},"content":{"rendered":"<p>Wir verarbeiten Normteile in der G\u00fcte 4.6 bis 10.9 und im Edelstahlbereich A2 bis A4. Hier finden Sie einen Auszug der Umarbeitung die wir Ihnen anbieten k\u00f6nnen:<\/p>\n\n\n<ul class=\"wp-block-list\"><li><strong>K\u00fcrzen von Schrauben und Gewindestiften , ab M4 bis M30:     <\/strong><\/li><li>DIN 84 \/ ISO 1207     <\/li><li>DIN 561  <\/li><li>DIN 6912<\/li><li>DIN 6921 \/ ISO 8102                                                                                                                                                                 <\/li><li>DIN 7985 \/ ISO 7985                                                                                                                                                                 <\/li><li>DIN 7991 \/ ISO 10642                                                                                                                                                                   <\/li><li>DIN 912 \/ ISO 4762                                                                                                                                                                                      <\/li><li>DIN 913 \/ ISO 4026                                                                                                                                                                                     <\/li><li>DIN 931 \/ ISO 4014                                                                                                                                                                  <\/li><li>DIN 933 \/ ISO 4017                                                                                                                                                                        <\/li><li>DIN 963 \/ ISO 2009                                                                                                                                                                                <\/li><li>DIN 965 \/ ISO 7046                                                                                                                                                                                                 <\/li><\/ul>\n\n\n\n<ul class=\"wp-block-list\"><li><strong>K\u00fcrzen von Edelstahl-Spannstiften (d\u00fcnn und dickwandig)<\/strong>:                                                                            <\/li><li>DIN 1481 \/ ISO 8752                                                                                                                                        <\/li><li>DIN 79346 \/ ISO 13337 <\/li><\/ul>\n\n\n\n<ul class=\"wp-block-list\"><li><strong>Zapfen drehen von DIN 933-Schrauben nach DIN 561 bei gleichbleibender Schl\u00fcsselweite<\/strong><\/li><\/ul>\n\n\n\n<ul class=\"wp-block-list\"><li><strong>Rillen drehen Form nach DIN 76<\/strong><\/li><\/ul>\n\n\n\n<ul class=\"wp-block-list\"><li><strong>Gewindeschneiden: Fein- und Regelgewinde, Nachschneiden, Verl\u00e4ngern aber auch Schneiden von neuem Gewinde<\/strong><\/li><\/ul>\n\n\n\n<ul class=\"wp-block-list\"><li><strong>Abdrehen von Kopfstempelungen <\/strong><\/li><\/ul>\n\n\n\n<ul class=\"wp-block-list\"><li><strong>Abdrehen von Sechskantmuttern , ab M8 bis M14:<\/strong><\/li><li>DIN 439 \/ ISO 8675<\/li><li>DIN 936 \/ ISO 4035<\/li><\/ul>\n\n\n\n<p><\/p>\n","protected":false},"excerpt":{"rendered":"<p>Wir verarbeiten Normteile in der G\u00fcte 4.6 bis 10.9 und im Edelstahlbereich A2 bis A4. Hier finden Sie einen Auszug der Umarbeitung die wir Ihnen anbieten k\u00f6nnen: K\u00fcrzen von Schrauben und Gewindestiften , ab M4 bis M30: DIN 84 \/ ISO 1207 DIN 561 DIN 6912 DIN 6921 \/ ISO 8102 DIN 7985 \/ ISO [&hellip;]<\/p>\n","protected":false},"author":1,"featured_media":0,"parent":0,"menu_order":0,"comment_status":"closed","ping_status":"open","template":"page-portfolio.php","meta":{"footnotes":""},"class_list":["post-898","page","type-page","status-publish","hentry"],"_links":{"self":[{"href":"https:\/\/cmb-normteile.de\/index.php?rest_route=\/wp\/v2\/pages\/898","targetHints":{"allow":["GET"]}}],"collection":[{"href":"https:\/\/cmb-normteile.de\/index.php?rest_route=\/wp\/v2\/pages"}],"about":[{"href":"https:\/\/cmb-normteile.de\/index.php?rest_route=\/wp\/v2\/types\/page"}],"author":[{"embeddable":true,"href":"https:\/\/cmb-normteile.de\/index.php?rest_route=\/wp\/v2\/users\/1"}],"replies":[{"embeddable":true,"href":"https:\/\/cmb-normteile.de\/index.php?rest_route=%2Fwp%2Fv2%2Fcomments&post=898"}],"version-history":[{"count":15,"href":"https:\/\/cmb-normteile.de\/index.php?rest_route=\/wp\/v2\/pages\/898\/revisions"}],"predecessor-version":[{"id":4098,"href":"https:\/\/cmb-normteile.de\/index.php?rest_route=\/wp\/v2\/pages\/898\/revisions\/4098"}],"wp:attachment":[{"href":"https:\/\/cmb-normteile.de\/index.php?rest_route=%2Fwp%2Fv2%2Fmedia&parent=898"}],"curies":[{"name":"wp","href":"https:\/\/api.w.org\/{rel}","templated":true}]}}