{"id":4048,"date":"2020-03-18T11:16:25","date_gmt":"2020-03-18T11:16:25","guid":{"rendered":"https:\/\/cmb-normteile.de\/?page_id=4048"},"modified":"2020-04-03T06:04:16","modified_gmt":"2020-04-03T06:04:16","slug":"kooperationspartner","status":"publish","type":"page","link":"https:\/\/cmb-normteile.de\/?page_id=4048","title":{"rendered":"Kooperationspartner"},"content":{"rendered":"\n<p>Um den bestm\u00f6glichen Service f\u00fcr unsere Kunden zu gew\u00e4hrleisten, arbeiten wir mit verschiedenen Partner zusammen:<\/p>\n\n\n\n<p><\/p>\n\n\n\n<figure class=\"wp-block-image size-large is-resized\"><img loading=\"lazy\" decoding=\"async\" src=\"https:\/\/cmb-normteile.de\/wp-content\/uploads\/2020\/04\/weeren-logo-R-80-1024x305.png\" alt=\"\" class=\"wp-image-4092\" width=\"268\" height=\"79\" srcset=\"https:\/\/cmb-normteile.de\/wp-content\/uploads\/2020\/04\/weeren-logo-R-80-1024x305.png 1024w, https:\/\/cmb-normteile.de\/wp-content\/uploads\/2020\/04\/weeren-logo-R-80-300x89.png 300w, https:\/\/cmb-normteile.de\/wp-content\/uploads\/2020\/04\/weeren-logo-R-80-768x228.png 768w, https:\/\/cmb-normteile.de\/wp-content\/uploads\/2020\/04\/weeren-logo-R-80-1536x457.png 1536w, https:\/\/cmb-normteile.de\/wp-content\/uploads\/2020\/04\/weeren-logo-R-80.png 1567w\" sizes=\"auto, (max-width: 268px) 100vw, 268px\" \/><figcaption><strong>WEEREN Maschinenbau GmbH &amp; Co. KG<\/strong><\/figcaption><\/figure>\n\n\n\n<p>                                                       Sondermaschinenhersteller f\u00fcr die Gewindeherstellung und Endenbearbeitung   <a href=\"http:\/\/www.weeren-gmbh.de\/\">http:\/\/www.weeren-gmbh.de<\/a> <\/p>\n\n\n\n<figure class=\"wp-block-image size-large is-resized\"><img loading=\"lazy\" decoding=\"async\" src=\"https:\/\/cmb-normteile.de\/wp-content\/uploads\/2020\/04\/HK-Filtersysteme-Logo-2-1024x329.jpg\" alt=\"\" class=\"wp-image-4090\" width=\"256\" height=\"81\" srcset=\"https:\/\/cmb-normteile.de\/wp-content\/uploads\/2020\/04\/HK-Filtersysteme-Logo-2-1024x329.jpg 1024w, https:\/\/cmb-normteile.de\/wp-content\/uploads\/2020\/04\/HK-Filtersysteme-Logo-2-300x96.jpg 300w, https:\/\/cmb-normteile.de\/wp-content\/uploads\/2020\/04\/HK-Filtersysteme-Logo-2-768x247.jpg 768w, https:\/\/cmb-normteile.de\/wp-content\/uploads\/2020\/04\/HK-Filtersysteme-Logo-2-1536x493.jpg 1536w, https:\/\/cmb-normteile.de\/wp-content\/uploads\/2020\/04\/HK-Filtersysteme-Logo-2-2048x657.jpg 2048w\" sizes=\"auto, (max-width: 256px) 100vw, 256px\" \/><\/figure>\n\n\n\n<div class=\"wp-block-group\"><div class=\"wp-block-group__inner-container is-layout-flow wp-block-group-is-layout-flow\">\n<p>Anbieter von Filtertechnik                                                                                                    <a href=\"http:\/\/www.hk-filtersysteme.de\/\">http:\/\/www.hk-filtersysteme.de<\/a>  <\/p>\n<\/div><\/div>\n\n\n\n<p><\/p>\n","protected":false},"excerpt":{"rendered":"<p>Um den bestm\u00f6glichen Service f\u00fcr unsere Kunden zu gew\u00e4hrleisten, arbeiten wir mit verschiedenen Partner zusammen: Sondermaschinenhersteller f\u00fcr die Gewindeherstellung und Endenbearbeitung http:\/\/www.weeren-gmbh.de Anbieter von Filtertechnik http:\/\/www.hk-filtersysteme.de<\/p>\n","protected":false},"author":1,"featured_media":0,"parent":0,"menu_order":0,"comment_status":"closed","ping_status":"closed","template":"","meta":{"footnotes":""},"class_list":["post-4048","page","type-page","status-publish","hentry"],"_links":{"self":[{"href":"https:\/\/cmb-normteile.de\/index.php?rest_route=\/wp\/v2\/pages\/4048","targetHints":{"allow":["GET"]}}],"collection":[{"href":"https:\/\/cmb-normteile.de\/index.php?rest_route=\/wp\/v2\/pages"}],"about":[{"href":"https:\/\/cmb-normteile.de\/index.php?rest_route=\/wp\/v2\/types\/page"}],"author":[{"embeddable":true,"href":"https:\/\/cmb-normteile.de\/index.php?rest_route=\/wp\/v2\/users\/1"}],"replies":[{"embeddable":true,"href":"https:\/\/cmb-normteile.de\/index.php?rest_route=%2Fwp%2Fv2%2Fcomments&post=4048"}],"version-history":[{"count":15,"href":"https:\/\/cmb-normteile.de\/index.php?rest_route=\/wp\/v2\/pages\/4048\/revisions"}],"predecessor-version":[{"id":4095,"href":"https:\/\/cmb-normteile.de\/index.php?rest_route=\/wp\/v2\/pages\/4048\/revisions\/4095"}],"wp:attachment":[{"href":"https:\/\/cmb-normteile.de\/index.php?rest_route=%2Fwp%2Fv2%2Fmedia&parent=4048"}],"curies":[{"name":"wp","href":"https:\/\/api.w.org\/{rel}","templated":true}]}}