{"id":3887,"date":"2013-05-20T17:13:15","date_gmt":"2013-05-20T17:13:15","guid":{"rendered":"http:\/\/maschinenbau-weeren.de\/?page_id=2"},"modified":"2020-03-18T08:00:43","modified_gmt":"2020-03-18T08:00:43","slug":"impressum-2","status":"publish","type":"page","link":"https:\/\/cmb-normteile.de\/?page_id=3887","title":{"rendered":"Impressum"},"content":{"rendered":"<h2><strong>CMB-Schrauben &amp; Verbindungsteile<\/strong><\/h2>\n<p>Postanschrift: Hans-Sachs-Stra\u00dfe 16 \u00b7 40721 Hilden<br \/>\nTel.: +49 (0) 2103 5081266<br \/>\nFax: +49 (0) 2103 5081268<br \/>\nE-Mail: <a title=\"E-Mail an WEEREN\" href=\"mailto:info@cmb-normteile.de\">info@cmb-normteile.de<\/a><br \/>\nWeb: <a title=\"WEEREN Startseite\" href=\"https:\/\/www.cmb-normteile.de\">www.cmb-normteile.de<\/a><\/p>\n<p>Gesch\u00e4ftsf\u00fchrer:<br \/>\nPatrick Kulesza<\/p>\n<p>Umsatzsteuer-Identifikationsnummer gem\u00e4\u00df \u00a7 27 a<br \/>\nUmsatzsteuergesetz: DE 318 413 704<\/p>\n<p>Webauftritt: info@cmb-normteile.de<\/p>\n<h2>Haftungshinweis<\/h2>\n<p>Trotz sorgf\u00e4ltiger inhaltlicher Kontrolle \u00fcbernehmen wir keine Haftung f\u00fcr die Inhalte externer Links. F\u00fcr den Inhalt der verlinkten Seiten sind ausschlie\u00dflich deren Betreiber verantwortlich.<\/p>\n<h2>Nutzungshinweis<\/h2>\n<p>Eine Vervielf\u00e4ltigung der auf diesen Seiten angebotenen Texte und Dateien auf ein jegliches Medium bedarf der direkten Genehmigung durch die Firma CMB-Schrauben &amp; Verbindungsteile.<\/p>\n<h2>Datenschutzhinweis<\/h2>\n<p>Per Formular \u00fcbermittelte Daten werden vertraulich behandelt. Bei jeder Anforderung einer Datei aus diesem Internetauftritt werden die internet\u00fcblichen Zugriffsdaten in einer Protokolldatei gespeichert.<\/p>\n<h2>Haftung f\u00fcr Inhalte<\/h2>\n<p>Die Inhalte unserer Seiten wurden mit gr\u00f6\u00dfter Sorgfalt erstellt. F\u00fcr die Richtigkeit, Vollst\u00e4ndigkeit und Aktualit\u00e4t der Inhalte k\u00f6nnen wir jedoch keine Gew\u00e4hr \u00fcbernehmen. Wir behalten uns das Recht vor, die Inhalte jederzeit ohne Vorank\u00fcndigung zu erg\u00e4nzen, zu \u00e4ndern oder Teile davon zu l\u00f6schen.<\/p>\n<p>Als Diensteanbieter sind wir gem\u00e4\u00df \u00a7 6 Abs.1 MDStV und \u00a7 8 Abs.1 TDG f\u00fcr eigene Inhalte auf diesen Seiten nach den allgemeinen Gesetzen verantwortlich. Diensteanbieter sind jedoch nicht verpflichtet, die von Dritten \u00fcbermittelten oder von Dritte gespeicherte Informationen zu \u00fcberwachen oder nach Umst\u00e4nden zu forschen, die auf eine rechtswidrige T\u00e4tigkeit hinweisen Verpflichtungen zur Entfernung oder Sperrung der Nutzung von Informationen nach den allgemeinen Gesetzen bleiben hiervon unber\u00fchrt. Eine diesbez\u00fcgliche Haftung ist jedoch erst ab dem Zeitpunkt der Kenntnis einer konkreten Rechtsverletzung m\u00f6glich. Bei Bekanntwerden von entsprechenden Rechtsverletzungen werden wir diese Inhalte umgehend entfernen.<\/p>\n<h2>Haftung f\u00fcr Links<\/h2>\n<p>Unser Angebot kann Links zu externen Webseiten Dritter haben, auf deren Inhalte wir keinen Einfluss haben. Deshalb k\u00f6nnen wir f\u00fcr diese fremden Inhalte auch keine Gew\u00e4hr \u00fcbernehmen. F\u00fcr die Inhalte der verlinkten Seiten ist stets der jeweilige Anbieter oder Betreiber der Seiten verantwortlich. Die verlinkten Seiten wurden zum Zeitpunkt der Verlinkung auf m\u00f6gliche Rechtsverst\u00f6\u00dfe \u00fcberpr\u00fcft. Rechtswidrige Inhalte waren zum Zeitpunkt der Verlinkung nicht erkennbar.<\/p>\n<h2>Urheberrecht<\/h2>\n<p>Die Betreiber der Seiten sind bem\u00fcht, stets die Urheberrechte anderer zu beachten bzw. auf selbst erstellte sowie lizenzfreie Werke zur\u00fcckzugreifen. Die durch die Seitenbetreiber erstellten Inhalte und Werke auf diesen Seiten unterliegen dem deutschen Urheberrecht. Die Vervielf\u00e4ltigung, Bearbeitung, Verbreitung und jede Art der Verwertung au\u00dferhalb der Grenzen des Urheberrechtes bed\u00fcrfen der schriftlichen Zustimmung des jeweiligen Autors bzw. Erstellers. Downloads und Kopien dieser Seite sind nur f\u00fcr den privaten, nichtkommerziellen Gebrauch gestattet.<\/p>\n","protected":false},"excerpt":{"rendered":"<p>CMB-Schrauben &amp; Verbindungsteile Postanschrift: Hans-Sachs-Stra\u00dfe 16 \u00b7 40721 Hilden Tel.: +49 (0) 2103 5081266 Fax: +49 (0) 2103 5081268 E-Mail: info@cmb-normteile.de Web: www.cmb-normteile.de Gesch\u00e4ftsf\u00fchrer: Patrick Kulesza Umsatzsteuer-Identifikationsnummer gem\u00e4\u00df \u00a7 27 a Umsatzsteuergesetz: DE 318 413 704 Webauftritt: info@cmb-normteile.de Haftungshinweis Trotz sorgf\u00e4ltiger inhaltlicher Kontrolle \u00fcbernehmen wir keine Haftung f\u00fcr die Inhalte externer Links. F\u00fcr den Inhalt [&hellip;]<\/p>\n","protected":false},"author":1,"featured_media":0,"parent":0,"menu_order":0,"comment_status":"closed","ping_status":"closed","template":"","meta":{"footnotes":""},"class_list":["post-3887","page","type-page","status-publish","hentry"],"_links":{"self":[{"href":"https:\/\/cmb-normteile.de\/index.php?rest_route=\/wp\/v2\/pages\/3887","targetHints":{"allow":["GET"]}}],"collection":[{"href":"https:\/\/cmb-normteile.de\/index.php?rest_route=\/wp\/v2\/pages"}],"about":[{"href":"https:\/\/cmb-normteile.de\/index.php?rest_route=\/wp\/v2\/types\/page"}],"author":[{"embeddable":true,"href":"https:\/\/cmb-normteile.de\/index.php?rest_route=\/wp\/v2\/users\/1"}],"replies":[{"embeddable":true,"href":"https:\/\/cmb-normteile.de\/index.php?rest_route=%2Fwp%2Fv2%2Fcomments&post=3887"}],"version-history":[{"count":2,"href":"https:\/\/cmb-normteile.de\/index.php?rest_route=\/wp\/v2\/pages\/3887\/revisions"}],"predecessor-version":[{"id":4027,"href":"https:\/\/cmb-normteile.de\/index.php?rest_route=\/wp\/v2\/pages\/3887\/revisions\/4027"}],"wp:attachment":[{"href":"https:\/\/cmb-normteile.de\/index.php?rest_route=%2Fwp%2Fv2%2Fmedia&parent=3887"}],"curies":[{"name":"wp","href":"https:\/\/api.w.org\/{rel}","templated":true}]}}