{"id":1664,"date":"2013-03-23T19:39:23","date_gmt":"2013-03-23T19:39:23","guid":{"rendered":"http:\/\/www.mnkystudio.com\/theme-10\/?page_id=1664"},"modified":"2023-02-10T06:45:46","modified_gmt":"2023-02-10T06:45:46","slug":"team","status":"publish","type":"page","link":"https:\/\/cmb-normteile.de\/?page_id=1664","title":{"rendered":"CNC-Drehen"},"content":{"rendered":"<p>Mit einer modernen CNC-Drehbank mit 12-fach Werkzeugwender, wovon 6 Positionen angetrieben sind, haben wir unseren Maschinenpark erweitert und bieten ab sofort auch Dreharbeiten von komplexen Kleinteilen an.<\/p>\n<p>Schicken Sie uns bei Bedarf Ihre Anfrage,&nbsp; wir \u00fcberpr\u00fcfen ob und zu welchem Preis wir f\u00fcr Sie die Bauteile fertigen k\u00f6nnen.<\/p>\n\n\n<p><\/p>\n","protected":false},"excerpt":{"rendered":"<p>Mit einer modernen CNC-Drehbank mit 12-fach Werkzeugwender, wovon 6 Positionen angetrieben sind, haben wir unseren Maschinenpark erweitert und bieten ab sofort auch Dreharbeiten von komplexen Kleinteilen an. Schicken Sie uns bei Bedarf Ihre Anfrage,&nbsp; wir \u00fcberpr\u00fcfen ob und zu welchem Preis wir f\u00fcr Sie die Bauteile fertigen k\u00f6nnen.<\/p>\n","protected":false},"author":1,"featured_media":0,"parent":0,"menu_order":0,"comment_status":"closed","ping_status":"open","template":"","meta":{"footnotes":""},"class_list":["post-1664","page","type-page","status-publish","hentry"],"_links":{"self":[{"href":"https:\/\/cmb-normteile.de\/index.php?rest_route=\/wp\/v2\/pages\/1664","targetHints":{"allow":["GET"]}}],"collection":[{"href":"https:\/\/cmb-normteile.de\/index.php?rest_route=\/wp\/v2\/pages"}],"about":[{"href":"https:\/\/cmb-normteile.de\/index.php?rest_route=\/wp\/v2\/types\/page"}],"author":[{"embeddable":true,"href":"https:\/\/cmb-normteile.de\/index.php?rest_route=\/wp\/v2\/users\/1"}],"replies":[{"embeddable":true,"href":"https:\/\/cmb-normteile.de\/index.php?rest_route=%2Fwp%2Fv2%2Fcomments&post=1664"}],"version-history":[{"count":3,"href":"https:\/\/cmb-normteile.de\/index.php?rest_route=\/wp\/v2\/pages\/1664\/revisions"}],"predecessor-version":[{"id":4116,"href":"https:\/\/cmb-normteile.de\/index.php?rest_route=\/wp\/v2\/pages\/1664\/revisions\/4116"}],"wp:attachment":[{"href":"https:\/\/cmb-normteile.de\/index.php?rest_route=%2Fwp%2Fv2%2Fmedia&parent=1664"}],"curies":[{"name":"wp","href":"https:\/\/api.w.org\/{rel}","templated":true}]}}